{"id":3459,"date":"2019-01-28T22:15:33","date_gmt":"2019-01-28T21:15:33","guid":{"rendered":"https:\/\/strelnicasnv.sk\/?page_id=3459"},"modified":"2025-01-29T08:52:13","modified_gmt":"2025-01-29T07:52:13","slug":"povinne-zverejnovanie","status":"publish","type":"page","link":"https:\/\/strelnicasnv.sk\/?page_id=3459","title":{"rendered":"Povinn\u00e9 zverej\u0148ovanie"},"content":{"rendered":"<p><a href=\"https:\/\/strelnicasnv.sk\/web\/wp-content\/uploads\/2025\/01\/Klub-spisskych-strelcov-mesto-SNV-dotacia.pdf\">Vy\u00fa\u010dtovanie finan\u010dnej dot\u00e1cie poskytnutej Mestom Spi\u0161sk\u00e1 Nov\u00e1 Ves za obdobie r. 2024<\/a><\/p>\n<p><a href=\"https:\/\/strelnicasnv.sk\/web\/wp-content\/uploads\/2025\/01\/Vyuctovanie-dotacie-na-mladez-do-23-rokov.pdf\">Vy\u00fa\u010dtovanie dot\u00e1cie na ml\u00e1de\u017e do 23 rokov<\/a><\/p>\n<p><a href=\"https:\/\/strelnicasnv.sk\/web\/wp-content\/uploads\/2019\/01\/Priebe\u017ene-\u010derp.fin_.prostriedkov.jpg\">\u010cerpanie finan\u010dn\u00fdch prostriedkov pre ml\u00e1de\u017e do 23 rokov za rok 2018<\/a><\/p>\n","protected":false},"excerpt":{"rendered":"<p>Vy\u00fa\u010dtovanie finan\u010dnej dot\u00e1cie poskytnutej Mestom Spi\u0161sk\u00e1 Nov\u00e1 Ves za obdobie r. 2024 Vy\u00fa\u010dtovanie dot\u00e1cie na ml\u00e1de\u017e do 23 rokov \u010cerpanie finan\u010dn\u00fdch prostriedkov pre ml\u00e1de\u017e do 23 rokov za rok 2018<\/p>\n","protected":false},"author":4,"featured_media":0,"parent":0,"menu_order":0,"comment_status":"closed","ping_status":"closed","template":"","meta":{"footnotes":""},"class_list":["post-3459","page","type-page","status-publish","hentry"],"_links":{"self":[{"href":"https:\/\/strelnicasnv.sk\/index.php?rest_route=\/wp\/v2\/pages\/3459","targetHints":{"allow":["GET"]}}],"collection":[{"href":"https:\/\/strelnicasnv.sk\/index.php?rest_route=\/wp\/v2\/pages"}],"about":[{"href":"https:\/\/strelnicasnv.sk\/index.php?rest_route=\/wp\/v2\/types\/page"}],"author":[{"embeddable":true,"href":"https:\/\/strelnicasnv.sk\/index.php?rest_route=\/wp\/v2\/users\/4"}],"replies":[{"embeddable":true,"href":"https:\/\/strelnicasnv.sk\/index.php?rest_route=%2Fwp%2Fv2%2Fcomments&post=3459"}],"version-history":[{"count":5,"href":"https:\/\/strelnicasnv.sk\/index.php?rest_route=\/wp\/v2\/pages\/3459\/revisions"}],"predecessor-version":[{"id":5981,"href":"https:\/\/strelnicasnv.sk\/index.php?rest_route=\/wp\/v2\/pages\/3459\/revisions\/5981"}],"wp:attachment":[{"href":"https:\/\/strelnicasnv.sk\/index.php?rest_route=%2Fwp%2Fv2%2Fmedia&parent=3459"}],"curies":[{"name":"wp","href":"https:\/\/api.w.org\/{rel}","templated":true}]}}