{"id":31,"date":"2014-02-07T23:01:53","date_gmt":"2014-02-07T22:01:53","guid":{"rendered":"https:\/\/strelnicasnv.sk\/web\/?page_id=31"},"modified":"2017-02-23T16:16:04","modified_gmt":"2017-02-23T15:16:04","slug":"vzduchovkova-strelnica","status":"publish","type":"page","link":"https:\/\/strelnicasnv.sk\/?page_id=31","title":{"rendered":"Vzduchovkov\u00e1 strelnica"},"content":{"rendered":"<p>29.11.2012 o\u00a015:00 hod. bola sl\u00e1vnostne otvoren\u00e1\u00a0 vzduchovkov\u00e1 strelnica\u00a0 v\u00a0priestoroch \u00a0letn\u00e9ho k\u00fapaliska \u00a0\u00a0Spi\u0161sk\u00e1 Nov\u00e1 Ves. <a href=\"https:\/\/picasaweb.google.com\/116828927993280328202\/OtvorenieVzduchovkovejStrelnice#\">Foto z otvorenia<\/a><\/p>\n<p><a href=\"https:\/\/strelnicasnv.sk\/web\/wp-content\/uploads\/2015\/01\/IMG_20150125_103157.jpg\"><img loading=\"lazy\" decoding=\"async\" class=\"alignnone  wp-image-859\" src=\"https:\/\/strelnicasnv.sk\/web\/wp-content\/uploads\/2015\/01\/IMG_20150125_103157-300x225.jpg\" alt=\"IMG_20150125_103157\" width=\"302\" height=\"226\" srcset=\"https:\/\/strelnicasnv.sk\/web\/wp-content\/uploads\/2015\/01\/IMG_20150125_103157-300x225.jpg 300w, https:\/\/strelnicasnv.sk\/web\/wp-content\/uploads\/2015\/01\/IMG_20150125_103157-1024x768.jpg 1024w, https:\/\/strelnicasnv.sk\/web\/wp-content\/uploads\/2015\/01\/IMG_20150125_103157-624x467.jpg 624w\" sizes=\"auto, (max-width: 302px) 100vw, 302px\" \/><\/a>\u00a0 \u00a0\u00a0<a href=\"https:\/\/strelnicasnv.sk\/web\/wp-content\/uploads\/2015\/01\/IMG_20150125_103212.jpg\"><img loading=\"lazy\" decoding=\"async\" class=\"alignnone size-medium wp-image-861\" src=\"https:\/\/strelnicasnv.sk\/web\/wp-content\/uploads\/2015\/01\/IMG_20150125_103212-300x225.jpg\" alt=\"IMG_20150125_103212\" width=\"300\" height=\"225\" srcset=\"https:\/\/strelnicasnv.sk\/web\/wp-content\/uploads\/2015\/01\/IMG_20150125_103212-300x225.jpg 300w, https:\/\/strelnicasnv.sk\/web\/wp-content\/uploads\/2015\/01\/IMG_20150125_103212-1024x768.jpg 1024w, https:\/\/strelnicasnv.sk\/web\/wp-content\/uploads\/2015\/01\/IMG_20150125_103212-624x467.jpg 624w\" sizes=\"auto, (max-width: 300px) 100vw, 300px\" \/><\/a><\/p>\n<p style=\"text-align: justify;\">Strelnica m\u00e1 10 stavov,\u00a0 samoobslu\u017en\u00e9 pri\u0165ahovacie zariadenie\u00a0 a\u00a0jej prev\u00e1dzku zabezpe\u010duje Klub spi\u0161sk\u00fdch strelcov. Podmienky prev\u00e1dzky a\u00a0preh\u013ead o\u00a0pripravovan\u00fdch akci\u00e1ch n\u00e1jdete na tejto str\u00e1nke, pr\u00edpadne zodpovieme va\u0161e ot\u00e1zky a\u00a0budeme patri\u010dne \u00a0reagova\u0165 \u00a0na pripomienky \u00a0z \u00a0e-mailov\u00fdch\u00a0 spr\u00e1v.<\/p>\n<p style=\"text-align: justify;\" align=\"center\">V\u0161etk\u00fdm priaznivcom \u0161portovej stre\u013eby zo vzduchov\u00fdch zbran\u00ed prajeme ve\u013ea kvalitn\u00fdch z\u00e1sahov<\/p>\n<p><a href=\"https:\/\/strelnicasnv.sk\/web\/wp-content\/uploads\/2014\/08\/SM_\u010d3_2013_vzd_strelnica.pdf\">S M E R N I C A \u010d. 3 \/2013: Prev\u00e1dzkovanie vzduchovkovej strelnice<\/a><br \/>\n<a href=\"https:\/\/strelnicasnv.sk\/web\/wp-content\/uploads\/2014\/08\/PREVADZKOVY-por.vzd_.strelnice.pdf\">PREV\u00c1DZKOV\u00dd PORIADOK VZDUCHOVKOVEJ STRELNICE<\/a><\/p>\n","protected":false},"excerpt":{"rendered":"<p>29.11.2012 o\u00a015:00 hod. bola sl\u00e1vnostne otvoren\u00e1\u00a0 vzduchovkov\u00e1 strelnica\u00a0 v\u00a0priestoroch \u00a0letn\u00e9ho k\u00fapaliska \u00a0\u00a0Spi\u0161sk\u00e1 Nov\u00e1 Ves. Foto z otvorenia \u00a0 \u00a0\u00a0 Strelnica m\u00e1 10 stavov,\u00a0 samoobslu\u017en\u00e9 pri\u0165ahovacie zariadenie\u00a0 a\u00a0jej prev\u00e1dzku zabezpe\u010duje Klub spi\u0161sk\u00fdch strelcov. Podmienky prev\u00e1dzky a\u00a0preh\u013ead o\u00a0pripravovan\u00fdch akci\u00e1ch n\u00e1jdete na tejto str\u00e1nke, pr\u00edpadne zodpovieme va\u0161e ot\u00e1zky a\u00a0budeme patri\u010dne \u00a0reagova\u0165 \u00a0na pripomienky \u00a0z \u00a0e-mailov\u00fdch\u00a0 spr\u00e1v. V\u0161etk\u00fdm priaznivcom [&hellip;]<\/p>\n","protected":false},"author":4,"featured_media":0,"parent":28,"menu_order":0,"comment_status":"closed","ping_status":"closed","template":"","meta":{"footnotes":""},"class_list":["post-31","page","type-page","status-publish","hentry"],"_links":{"self":[{"href":"https:\/\/strelnicasnv.sk\/index.php?rest_route=\/wp\/v2\/pages\/31","targetHints":{"allow":["GET"]}}],"collection":[{"href":"https:\/\/strelnicasnv.sk\/index.php?rest_route=\/wp\/v2\/pages"}],"about":[{"href":"https:\/\/strelnicasnv.sk\/index.php?rest_route=\/wp\/v2\/types\/page"}],"author":[{"embeddable":true,"href":"https:\/\/strelnicasnv.sk\/index.php?rest_route=\/wp\/v2\/users\/4"}],"replies":[{"embeddable":true,"href":"https:\/\/strelnicasnv.sk\/index.php?rest_route=%2Fwp%2Fv2%2Fcomments&post=31"}],"version-history":[{"count":33,"href":"https:\/\/strelnicasnv.sk\/index.php?rest_route=\/wp\/v2\/pages\/31\/revisions"}],"predecessor-version":[{"id":2264,"href":"https:\/\/strelnicasnv.sk\/index.php?rest_route=\/wp\/v2\/pages\/31\/revisions\/2264"}],"up":[{"embeddable":true,"href":"https:\/\/strelnicasnv.sk\/index.php?rest_route=\/wp\/v2\/pages\/28"}],"wp:attachment":[{"href":"https:\/\/strelnicasnv.sk\/index.php?rest_route=%2Fwp%2Fv2%2Fmedia&parent=31"}],"curies":[{"name":"wp","href":"https:\/\/api.w.org\/{rel}","templated":true}]}}