{"id":25,"date":"2014-02-07T23:01:29","date_gmt":"2014-02-07T22:01:29","guid":{"rendered":"https:\/\/strelnicasnv.sk\/web\/?page_id=25"},"modified":"2017-02-23T16:15:21","modified_gmt":"2017-02-23T15:15:21","slug":"odkazy","status":"publish","type":"page","link":"https:\/\/strelnicasnv.sk\/?page_id=25","title":{"rendered":"U\u017eito\u010dn\u00e9  odkazy"},"content":{"rendered":"<p><center><a href=\"http:\/\/www.huntingshop.sk\/\"><img decoding=\"async\" src=\"http:\/\/strelnica.snv.sk\/files\/huntingshop.jpg\" alt=\"\" \/><\/a><\/center><center><\/center><center><\/center>Odborn\u00e1 literat\u00fara \u00a0\/tr\u00e9ning, metodika, pr\u00edprava&#8230;\/ \u00a0\u00a0<a title=\"http:\/\/www.shooting.sk\/?id_menu=1577\" href=\"http:\/\/www.shooting.sk\/?id_menu=1577\" target=\"_blank\">http:\/\/www.shooting.sk\/?id_menu=1577<\/a><\/p>\n<p>Str\u00e1nka Slovensk\u00e9ho streleck\u00e9ho zv\u00e4zu \u00a0 \u00a0 \u00a0<a href=\"http:\/\/www.shooting.sk\/\">http:\/\/www.shooting.sk\/<\/a><br \/>\nLegis Telum \u00a0 \u00a0 \u00a0<a href=\"http:\/\/www.legistelum.sk\/\">http:\/\/www.legistelum.sk\/<\/a><br \/>\nLiga obrannej strelby \u00a0 \u00a0 \u00a0<a href=\"http:\/\/www.los-sk.sk\/\">http:\/\/www.los-sk.sk\/<\/a><br \/>\nStreleck\u00e1 Akad\u00e9mia \u00a0 \u00a0 \u00a0<a href=\"http:\/\/streleckaakademia.sk\/\">http:\/\/streleckaakademia.sk\/<\/a><br \/>\nSpi\u0161sk\u00fd vzduchovk\u00e1ri \u00a0 \u00a0<a href=\"http:\/\/spissky-vzduchovkari.webnode.sk\/\">http:\/\/spissky-vzduchovkari.webnode.sk\/<\/a><br \/>\n\u00davod do perkusn\u00fdch zbran\u00ed \u00a0 \u00a0<a href=\"http:\/\/www.e-zbrane.sk\/index.php\/historicke-a-perkusne\/69-uvod-do-perkusnych-zbrani\">http:\/\/www.e-zbrane.sk\/index.php\/historicke-a-perkusne\/69-uvod-do-perkusnych-zbrani<br \/>\n<\/a><br \/>\nKto ve\u013ea strie\u013ea iste ocen\u00ed mo\u017enos\u0165 preb\u00edjania streliva, z\u00e1kladn\u00e9 inform\u00e1cie n\u00e1jdete na nasledovnej str\u00e1nke:<br \/>\n<a href=\"http:\/\/prebijanie.meu.zoznam.sk\/\">http:\/\/prebijanie.meu.zoznam.sk\/<\/a><\/p>\n<p>Z\u00e1kladn\u00e9 inform\u00e1cie o strelive jednotliv\u00fdch v\u00fdrobcov n\u00e1jdete tu:<br \/>\n<a href=\"http:\/\/www.sellier-bellot.cz\/\">http:\/\/www.sellier-bellot.cz\/<\/a><br \/>\n<a href=\"http:\/\/www.hornady.com\/\">http:\/\/www.hornady.com\/<\/a><br \/>\n<a href=\"http:\/\/www.winchester.com\/Pages\/Home.aspx\">http:\/\/www.winchester.com\/Pages\/Home.aspx<\/a><br \/>\n<a href=\"http:\/\/www.magtechammunition.com\/\">http:\/\/www.magtechammunition.com\/<\/a><\/p>\n<p>On-line katal\u00f3gy:<br \/>\n<a href=\"http:\/\/www.midwayusa.com\/\">http:\/\/www.midwayusa.com\/<\/a><br \/>\n<a href=\"http:\/\/www.grafs.com\/\">http:\/\/www.grafs.com\/<\/a><\/p>\n<p><a href=\"http:\/\/www.sskpraha6.cz\/navod.php\"><strong> N\u00e1vody &#8211; Metodika<\/strong> &#8211; Sportovn\u011b st\u0159eleck\u00fd klub Praha 6<\/a><\/p>\n","protected":false},"excerpt":{"rendered":"<p>Odborn\u00e1 literat\u00fara \u00a0\/tr\u00e9ning, metodika, pr\u00edprava&#8230;\/ \u00a0\u00a0http:\/\/www.shooting.sk\/?id_menu=1577 Str\u00e1nka Slovensk\u00e9ho streleck\u00e9ho zv\u00e4zu \u00a0 \u00a0 \u00a0http:\/\/www.shooting.sk\/ Legis Telum \u00a0 \u00a0 \u00a0http:\/\/www.legistelum.sk\/ Liga obrannej strelby \u00a0 \u00a0 \u00a0http:\/\/www.los-sk.sk\/ Streleck\u00e1 Akad\u00e9mia \u00a0 \u00a0 \u00a0http:\/\/streleckaakademia.sk\/ Spi\u0161sk\u00fd vzduchovk\u00e1ri \u00a0 \u00a0http:\/\/spissky-vzduchovkari.webnode.sk\/ \u00davod do perkusn\u00fdch zbran\u00ed \u00a0 \u00a0http:\/\/www.e-zbrane.sk\/index.php\/historicke-a-perkusne\/69-uvod-do-perkusnych-zbrani Kto ve\u013ea strie\u013ea iste ocen\u00ed mo\u017enos\u0165 preb\u00edjania streliva, z\u00e1kladn\u00e9 inform\u00e1cie n\u00e1jdete na nasledovnej str\u00e1nke: http:\/\/prebijanie.meu.zoznam.sk\/ Z\u00e1kladn\u00e9 [&hellip;]<\/p>\n","protected":false},"author":4,"featured_media":0,"parent":0,"menu_order":0,"comment_status":"closed","ping_status":"closed","template":"","meta":{"footnotes":""},"class_list":["post-25","page","type-page","status-publish","hentry"],"_links":{"self":[{"href":"https:\/\/strelnicasnv.sk\/index.php?rest_route=\/wp\/v2\/pages\/25","targetHints":{"allow":["GET"]}}],"collection":[{"href":"https:\/\/strelnicasnv.sk\/index.php?rest_route=\/wp\/v2\/pages"}],"about":[{"href":"https:\/\/strelnicasnv.sk\/index.php?rest_route=\/wp\/v2\/types\/page"}],"author":[{"embeddable":true,"href":"https:\/\/strelnicasnv.sk\/index.php?rest_route=\/wp\/v2\/users\/4"}],"replies":[{"embeddable":true,"href":"https:\/\/strelnicasnv.sk\/index.php?rest_route=%2Fwp%2Fv2%2Fcomments&post=25"}],"version-history":[{"count":27,"href":"https:\/\/strelnicasnv.sk\/index.php?rest_route=\/wp\/v2\/pages\/25\/revisions"}],"predecessor-version":[{"id":2260,"href":"https:\/\/strelnicasnv.sk\/index.php?rest_route=\/wp\/v2\/pages\/25\/revisions\/2260"}],"wp:attachment":[{"href":"https:\/\/strelnicasnv.sk\/index.php?rest_route=%2Fwp%2Fv2%2Fmedia&parent=25"}],"curies":[{"name":"wp","href":"https:\/\/api.w.org\/{rel}","templated":true}]}}