{"id":16,"date":"2014-02-07T23:00:29","date_gmt":"2014-02-07T22:00:29","guid":{"rendered":"https:\/\/strelnicasnv.sk\/web\/?page_id=16"},"modified":"2025-01-30T16:53:48","modified_gmt":"2025-01-30T15:53:48","slug":"kontakt","status":"publish","type":"page","link":"https:\/\/strelnicasnv.sk\/?page_id=16","title":{"rendered":"Kontakt"},"content":{"rendered":"<h3 style=\"text-align: left;\">KLUB SPI\u0160SK\u00ddCH STRELCOV<\/h3>\n<p>Radlinsk\u00e9ho 17<br \/>\n05201 Spi\u0161sk\u00e1 Nov\u00e1 Ves<br \/>\nI\u010cO: 42096928<br \/>\nPr\u00e1vna forma: Ob\u010dianske zdru\u017eenie<br \/>\nGPS: 48\u00b057\u20198.94\u2033 \u2013 N 20\u00b033\u201923.17\u2033E<\/p>\n<p><strong>Bankov\u00fd \u00fa\u010det Klubu: \u00a0Fio banka, a.s., <\/strong><\/p>\n<p><strong>\u010d.\u00fa\u010dtu : 2700956256\/8330 \u00a0<\/strong><strong style=\"font-size: 1rem;\">IBAN: SK7683300000002700956256<\/strong><\/p>\n<h2 style=\"text-align: left;\">Prihl\u00e1\u0161ky vybavuje na\u0161a Janka Ma\u0165a\u0161ovsk\u00e1 &#8211; 0905 330 127<\/h2>\n<p>\u010clenovia predsedn\u00edctva:<br \/>\nMarcel Kraj\u010di : 0905 351 014<\/p>\n<p>SPR\u00c1VCA KRYTEJ STRELNICE: <strong><span style=\"color: #ff0000;\">\u00a0<span style=\"color: #333333;\">0905 351 014<\/span><\/span><\/strong><\/p>\n<p><strong style=\"line-height: 1.714285714;\">email: <a href=\"mailto:strelnica@strelnicasnv.sk\">strelnica@strelnicasnv.sk<\/a><\/strong><\/p>\n<p><a href=\"https:\/\/www.facebook.com\/profile.php?id=100011273658997\"><img decoding=\"async\" src=\"https:\/\/strelnicasnv.sk\/web\/wp-content\/uploads\/2016\/02\/stiahnu%C5%A5.jpg\" alt=\"logo SA - ofic\" width=\"150\" \/><\/a><\/p>\n","protected":false},"excerpt":{"rendered":"<p>KLUB SPI\u0160SK\u00ddCH STRELCOV Radlinsk\u00e9ho 17 05201 Spi\u0161sk\u00e1 Nov\u00e1 Ves I\u010cO: 42096928 Pr\u00e1vna forma: Ob\u010dianske zdru\u017eenie GPS: 48\u00b057\u20198.94\u2033 \u2013 N 20\u00b033\u201923.17\u2033E Bankov\u00fd \u00fa\u010det Klubu: \u00a0Fio banka, a.s., \u010d.\u00fa\u010dtu : 2700956256\/8330 \u00a0IBAN: SK7683300000002700956256 Prihl\u00e1\u0161ky vybavuje na\u0161a Janka Ma\u0165a\u0161ovsk\u00e1 &#8211; 0905 330 127 \u010clenovia predsedn\u00edctva: Marcel Kraj\u010di : 0905 351 014 SPR\u00c1VCA KRYTEJ STRELNICE: \u00a00905 351 014 email: [&hellip;]<\/p>\n","protected":false},"author":4,"featured_media":0,"parent":0,"menu_order":0,"comment_status":"closed","ping_status":"closed","template":"","meta":{"footnotes":""},"class_list":["post-16","page","type-page","status-publish","hentry"],"_links":{"self":[{"href":"https:\/\/strelnicasnv.sk\/index.php?rest_route=\/wp\/v2\/pages\/16","targetHints":{"allow":["GET"]}}],"collection":[{"href":"https:\/\/strelnicasnv.sk\/index.php?rest_route=\/wp\/v2\/pages"}],"about":[{"href":"https:\/\/strelnicasnv.sk\/index.php?rest_route=\/wp\/v2\/types\/page"}],"author":[{"embeddable":true,"href":"https:\/\/strelnicasnv.sk\/index.php?rest_route=\/wp\/v2\/users\/4"}],"replies":[{"embeddable":true,"href":"https:\/\/strelnicasnv.sk\/index.php?rest_route=%2Fwp%2Fv2%2Fcomments&post=16"}],"version-history":[{"count":35,"href":"https:\/\/strelnicasnv.sk\/index.php?rest_route=\/wp\/v2\/pages\/16\/revisions"}],"predecessor-version":[{"id":5987,"href":"https:\/\/strelnicasnv.sk\/index.php?rest_route=\/wp\/v2\/pages\/16\/revisions\/5987"}],"wp:attachment":[{"href":"https:\/\/strelnicasnv.sk\/index.php?rest_route=%2Fwp%2Fv2%2Fmedia&parent=16"}],"curies":[{"name":"wp","href":"https:\/\/api.w.org\/{rel}","templated":true}]}}