{"id":106,"date":"2014-02-08T08:56:59","date_gmt":"2014-02-08T07:56:59","guid":{"rendered":"https:\/\/strelnicasnv.sk\/web\/?page_id=106"},"modified":"2022-03-06T20:47:49","modified_gmt":"2022-03-06T19:47:49","slug":"spisska-strelecka-liga-2014","status":"publish","type":"page","link":"https:\/\/strelnicasnv.sk\/?page_id=106","title":{"rendered":"SPI\u0160SK\u00c1 STRELECK\u00c1 LIGA 2019"},"content":{"rendered":"<p><strong><a href=\"https:\/\/strelnicasnv.sk\/web\/wp-content\/uploads\/2019\/01\/Propozicie-Spis_liga_19.pdf\">Propoz\u00edcie Spi\u0161skej streleckej ligy 2019<\/a><\/strong><br \/>\n<strong><a href=\"https:\/\/strelnicasnv.sk\/web\/wp-content\/uploads\/2019\/01\/Spec.tech_.pravidl\u00e1_19.pdf\">\u0160PECI\u00c1LNE TECHNICK\u00c9 PRAVIDL\u00c1 2019<\/a><\/strong><\/p>\n","protected":false},"excerpt":{"rendered":"<p>Propoz\u00edcie Spi\u0161skej streleckej ligy 2019 \u0160PECI\u00c1LNE TECHNICK\u00c9 PRAVIDL\u00c1 2019<\/p>\n","protected":false},"author":4,"featured_media":0,"parent":45,"menu_order":0,"comment_status":"closed","ping_status":"closed","template":"","meta":{"footnotes":""},"class_list":["post-106","page","type-page","status-publish","hentry"],"_links":{"self":[{"href":"https:\/\/strelnicasnv.sk\/index.php?rest_route=\/wp\/v2\/pages\/106","targetHints":{"allow":["GET"]}}],"collection":[{"href":"https:\/\/strelnicasnv.sk\/index.php?rest_route=\/wp\/v2\/pages"}],"about":[{"href":"https:\/\/strelnicasnv.sk\/index.php?rest_route=\/wp\/v2\/types\/page"}],"author":[{"embeddable":true,"href":"https:\/\/strelnicasnv.sk\/index.php?rest_route=\/wp\/v2\/users\/4"}],"replies":[{"embeddable":true,"href":"https:\/\/strelnicasnv.sk\/index.php?rest_route=%2Fwp%2Fv2%2Fcomments&post=106"}],"version-history":[{"count":94,"href":"https:\/\/strelnicasnv.sk\/index.php?rest_route=\/wp\/v2\/pages\/106\/revisions"}],"predecessor-version":[{"id":4790,"href":"https:\/\/strelnicasnv.sk\/index.php?rest_route=\/wp\/v2\/pages\/106\/revisions\/4790"}],"up":[{"embeddable":true,"href":"https:\/\/strelnicasnv.sk\/index.php?rest_route=\/wp\/v2\/pages\/45"}],"wp:attachment":[{"href":"https:\/\/strelnicasnv.sk\/index.php?rest_route=%2Fwp%2Fv2%2Fmedia&parent=106"}],"curies":[{"name":"wp","href":"https:\/\/api.w.org\/{rel}","templated":true}]}}